{"id":247,"date":"2025-03-29T20:05:11","date_gmt":"2025-03-29T20:05:11","guid":{"rendered":"https:\/\/strozzipalacehotel.com\/?page_id=247"},"modified":"2025-05-27T13:47:10","modified_gmt":"2025-05-27T13:47:10","slug":"history","status":"publish","type":"page","link":"https:\/\/strozzipalacehotel.com\/es\/history\/","title":{"rendered":"Historia"},"content":{"rendered":"<div data-elementor-type=\"wp-page\" data-elementor-id=\"247\" class=\"elementor elementor-247\">\n\t\t\t\t<div class=\"elementor-element elementor-element-748c23a e-flex e-con-boxed e-con e-parent\" data-id=\"748c23a\" data-element_type=\"container\" data-settings=\"{&quot;background_background&quot;:&quot;classic&quot;}\">\n\t\t\t\t\t<div class=\"e-con-inner\">\n\t\t\t\t<div class=\"elementor-element elementor-element-529ca36 elementor-widget elementor-widget-heading\" data-id=\"529ca36\" data-element_type=\"widget\" data-widget_type=\"heading.default\">\n\t\t\t\t<div class=\"elementor-widget-container\">\n\t\t\t\t\t<h2 class=\"elementor-heading-title elementor-size-default\">la historia del Hotel Strozzi PalAce<\/h2>\t\t\t\t<\/div>\n\t\t\t\t<\/div>\n\t\t\t\t<div class=\"elementor-element elementor-element-62633e2 elementor-widget elementor-widget-spacer\" data-id=\"62633e2\" data-element_type=\"widget\" data-widget_type=\"spacer.default\">\n\t\t\t\t<div class=\"elementor-widget-container\">\n\t\t\t\t\t\t\t<div class=\"elementor-spacer\">\n\t\t\t<div class=\"elementor-spacer-inner\"><\/div>\n\t\t<\/div>\n\t\t\t\t\t\t<\/div>\n\t\t\t\t<\/div>\n\t\t\t\t<div class=\"elementor-element elementor-element-45ac905 elementor-widget elementor-widget-text-editor\" data-id=\"45ac905\" data-element_type=\"widget\" data-widget_type=\"text-editor.default\">\n\t\t\t\t<div class=\"elementor-widget-container\">\n\t\t\t\t\t\t\t\t\t<p>Cruzar el umbral del <strong>Hotel Strozzi Palace.<\/strong> significa sumergirse por completo en la historia de este elegante edificio, refugio seguro de generaciones de refinados viajeros durante sus estancias en Florencia.<\/p>\t\t\t\t\t\t\t\t<\/div>\n\t\t\t\t<\/div>\n\t\t\t\t\t<\/div>\n\t\t\t\t<\/div>\n\t\t<div class=\"elementor-element elementor-element-f97bd54 e-flex e-con-boxed e-con e-parent\" data-id=\"f97bd54\" data-element_type=\"container\">\n\t\t\t\t\t<div class=\"e-con-inner\">\n\t\t<div class=\"elementor-element elementor-element-0799c59 e-con-full e-flex e-con e-child\" data-id=\"0799c59\" data-element_type=\"container\">\n\t\t\t\t<div class=\"elementor-element elementor-element-bee952d elementor-widget elementor-widget-image\" data-id=\"bee952d\" data-element_type=\"widget\" data-widget_type=\"image.default\">\n\t\t\t\t<div class=\"elementor-widget-container\">\n\t\t\t\t\t\t\t\t\t\t\t\t\t\t\t<img fetchpriority=\"high\" decoding=\"async\" width=\"614\" height=\"446\" src=\"https:\/\/strozzipalacehotel.com\/wp-content\/uploads\/2025\/04\/Strozzi-Palace-Hotel_08.png\" class=\"attachment-large size-large wp-image-987\" alt=\"\" srcset=\"https:\/\/strozzipalacehotel.com\/wp-content\/uploads\/2025\/04\/Strozzi-Palace-Hotel_08.png 614w, https:\/\/strozzipalacehotel.com\/wp-content\/uploads\/2025\/04\/Strozzi-Palace-Hotel_08-300x218.png 300w, https:\/\/strozzipalacehotel.com\/wp-content\/uploads\/2025\/04\/Strozzi-Palace-Hotel_08-18x12.png 18w, https:\/\/strozzipalacehotel.com\/wp-content\/uploads\/2025\/04\/Strozzi-Palace-Hotel_08-600x436.png 600w\" sizes=\"(max-width: 614px) 100vw, 614px\" \/>\t\t\t\t\t\t\t\t\t\t\t\t\t\t\t<\/div>\n\t\t\t\t<\/div>\n\t\t\t\t<\/div>\n\t\t<div class=\"elementor-element elementor-element-2283b7b e-con-full e-flex e-con e-child\" data-id=\"2283b7b\" data-element_type=\"container\">\n\t\t\t\t<div class=\"elementor-element elementor-element-72a7d4b elementor-widget elementor-widget-text-editor\" data-id=\"72a7d4b\" data-element_type=\"widget\" data-widget_type=\"text-editor.default\">\n\t\t\t\t<div class=\"elementor-widget-container\">\n\t\t\t\t\t\t\t\t\t<p>El Hotel Strozzi Palace se eriges sobre una <strong>zona rica en historia,<\/strong>que a lo largo de los siglos ha albergado edificaciones emblem\u00e1ticas, como un templo dedicado a J\u00fapiter en \u00e9poca romana y, m\u00e1s tarde, una torre g\u00fcelfa destruida tras los enfrentamientos entre g\u00fcelfos y gibelinos.<\/p>\t\t\t\t\t\t\t\t<\/div>\n\t\t\t\t<\/div>\n\t\t\t\t<\/div>\n\t\t\t\t\t<\/div>\n\t\t\t\t<\/div>\n\t\t<div class=\"elementor-element elementor-element-98a7bdf e-flex e-con-boxed e-con e-parent\" data-id=\"98a7bdf\" data-element_type=\"container\">\n\t\t\t\t\t<div class=\"e-con-inner\">\n\t\t<div class=\"elementor-element elementor-element-9944802 e-con-full e-flex e-con e-child\" data-id=\"9944802\" data-element_type=\"container\">\n\t\t\t\t<div class=\"elementor-element elementor-element-5b1d8cb elementor-widget elementor-widget-image\" data-id=\"5b1d8cb\" data-element_type=\"widget\" data-widget_type=\"image.default\">\n\t\t\t\t<div class=\"elementor-widget-container\">\n\t\t\t\t\t\t\t\t\t\t\t\t\t\t\t<img decoding=\"async\" width=\"197\" height=\"286\" data-src=\"https:\/\/strozzipalacehotel.com\/wp-content\/uploads\/2025\/04\/Palazzo_vecchietti_04_stemma.png\" class=\"attachment-large size-large wp-image-988 lazyload\" alt=\"\" data-srcset=\"https:\/\/strozzipalacehotel.com\/wp-content\/uploads\/2025\/04\/Palazzo_vecchietti_04_stemma.png 197w, https:\/\/strozzipalacehotel.com\/wp-content\/uploads\/2025\/04\/Palazzo_vecchietti_04_stemma-8x12.png 8w\" data-sizes=\"(max-width: 197px) 100vw, 197px\" src=\"data:image\/gif;base64,R0lGODlhAQABAAAAACH5BAEKAAEALAAAAAABAAEAAAICTAEAOw==\" style=\"--smush-placeholder-width: 197px; --smush-placeholder-aspect-ratio: 197\/286;\" \/>\t\t\t\t\t\t\t\t\t\t\t\t\t\t\t<\/div>\n\t\t\t\t<\/div>\n\t\t\t\t<\/div>\n\t\t<div class=\"elementor-element elementor-element-1f9613b e-con-full e-flex e-con e-child\" data-id=\"1f9613b\" data-element_type=\"container\">\n\t\t\t\t<div class=\"elementor-element elementor-element-8417e38 elementor-widget elementor-widget-text-editor\" data-id=\"8417e38\" data-element_type=\"widget\" data-widget_type=\"text-editor.default\">\n\t\t\t\t<div class=\"elementor-widget-container\">\n\t\t\t\t\t\t\t\t\t<p>En este lugar se construyeron tres edificios que, m\u00e1s tarde, se unieron para formar un \u00fanico palacio, conocido como <strong>Palazzo Vecchietti<\/strong>del cual formaba parte el Palacio Strozzi. Con la reestructuraci\u00f3n del centro hist\u00f3rico de Florencia por el arquitecto <strong>Giuseppe Poggi<\/strong> para adaptar la ciudad a la capitalidad de Italia, el trazado urbano fue alterado y racionalizado en la\nsegunda mitad del siglo XIX.<\/p>\t\t\t\t\t\t\t\t<\/div>\n\t\t\t\t<\/div>\n\t\t\t\t<\/div>\n\t\t\t\t\t<\/div>\n\t\t\t\t<\/div>\n\t\t<div class=\"elementor-element elementor-element-3a147fa e-flex e-con-boxed e-con e-parent\" data-id=\"3a147fa\" data-element_type=\"container\">\n\t\t\t\t\t<div class=\"e-con-inner\">\n\t\t<div class=\"elementor-element elementor-element-72ce14a e-con-full e-flex e-con e-child\" data-id=\"72ce14a\" data-element_type=\"container\">\n\t\t\t\t<div class=\"elementor-element elementor-element-b36a6bf elementor-widget elementor-widget-image\" data-id=\"b36a6bf\" data-element_type=\"widget\" data-widget_type=\"image.default\">\n\t\t\t\t<div class=\"elementor-widget-container\">\n\t\t\t\t\t\t\t\t\t\t\t\t\t\t\t<img decoding=\"async\" width=\"421\" height=\"553\" data-src=\"https:\/\/strozzipalacehotel.com\/wp-content\/uploads\/2025\/04\/Strozzi-Palace-Hotel_48.png\" class=\"attachment-large size-large wp-image-989 lazyload\" alt=\"\" data-srcset=\"https:\/\/strozzipalacehotel.com\/wp-content\/uploads\/2025\/04\/Strozzi-Palace-Hotel_48.png 421w, https:\/\/strozzipalacehotel.com\/wp-content\/uploads\/2025\/04\/Strozzi-Palace-Hotel_48-228x300.png 228w, https:\/\/strozzipalacehotel.com\/wp-content\/uploads\/2025\/04\/Strozzi-Palace-Hotel_48-9x12.png 9w\" data-sizes=\"(max-width: 421px) 100vw, 421px\" src=\"data:image\/gif;base64,R0lGODlhAQABAAAAACH5BAEKAAEALAAAAAABAAEAAAICTAEAOw==\" style=\"--smush-placeholder-width: 421px; --smush-placeholder-aspect-ratio: 421\/553;\" \/>\t\t\t\t\t\t\t\t\t\t\t\t\t\t\t<\/div>\n\t\t\t\t<\/div>\n\t\t\t\t<\/div>\n\t\t<div class=\"elementor-element elementor-element-a10916c e-con-full e-flex e-con e-child\" data-id=\"a10916c\" data-element_type=\"container\">\n\t\t\t\t<div class=\"elementor-element elementor-element-6170f0e elementor-widget elementor-widget-text-editor\" data-id=\"6170f0e\" data-element_type=\"widget\" data-widget_type=\"text-editor.default\">\n\t\t\t\t<div class=\"elementor-widget-container\">\n\t\t\t\t\t\t\t\t\t<p>Como parte de esta reorganizaci\u00f3n, en 1880 el Hotel Strozzi Palace ya contaba con su propia fachada, separ\u00e1ndose del Palazzo Vecchietti. El hist\u00f3rico edificio conserv\u00f3 su aspecto y estructura hasta 1980, cuando fue adquirido por su actual propietario y convertido en hotel en 2001. Sin embargo, un meticuloso trabajo de\nrestauraci\u00f3n ha permitido preservar la decoraci\u00f3n y las escaleras originales, <strong>respetando as\u00ed la identidad del lugar.<\/strong><\/p>\t\t\t\t\t\t\t\t<\/div>\n\t\t\t\t<\/div>\n\t\t\t\t<\/div>\n\t\t\t\t\t<\/div>\n\t\t\t\t<\/div>\n\t\t<div class=\"elementor-element elementor-element-3fea50e e-flex e-con-boxed e-con e-parent\" data-id=\"3fea50e\" data-element_type=\"container\">\n\t\t\t\t\t<div class=\"e-con-inner\">\n\t\t\t\t<div class=\"elementor-element elementor-element-da05038 elementor-widget elementor-widget-text-editor\" data-id=\"da05038\" data-element_type=\"widget\" data-widget_type=\"text-editor.default\">\n\t\t\t\t<div class=\"elementor-widget-container\">\n\t\t\t\t\t\t\t\t\t<p>La propia capital toscana, con su <strong>estilo renacentista,<\/strong> resuena en cada habitaci\u00f3n y ambientes del Hotel: en sus piezas antiguas, refinados muebles de madera de cerezo, techos de estuco, l\u00e1mparas de ara\u00f1a y pinturas originales que adornan las paredes.<\/p>\t\t\t\t\t\t\t\t<\/div>\n\t\t\t\t<\/div>\n\t\t\t\t\t<\/div>\n\t\t\t\t<\/div>\n\t\t<div class=\"elementor-element elementor-element-5517522 e-flex e-con-boxed e-con e-parent\" data-id=\"5517522\" data-element_type=\"container\" data-settings=\"{&quot;background_background&quot;:&quot;classic&quot;}\">\n\t\t\t\t\t<div class=\"e-con-inner\">\n\t\t\t\t<div class=\"elementor-element elementor-element-9980e1d elementor-widget elementor-widget-heading\" data-id=\"9980e1d\" data-element_type=\"widget\" data-widget_type=\"heading.default\">\n\t\t\t\t<div class=\"elementor-widget-container\">\n\t\t\t\t\t<h2 class=\"elementor-heading-title elementor-size-default\">Forma parte de nuestra Historia<\/h2>\t\t\t\t<\/div>\n\t\t\t\t<\/div>\n\t\t\t\t<div class=\"elementor-element elementor-element-444c813 elementor-widget elementor-widget-text-editor\" data-id=\"444c813\" data-element_type=\"widget\" data-widget_type=\"text-editor.default\">\n\t\t\t\t<div class=\"elementor-widget-container\">\n\t\t\t\t\t\t\t\t\t<p>Reserva ahora tu estancia en el Hotel Strozzi Palace.<\/p>\t\t\t\t\t\t\t\t<\/div>\n\t\t\t\t<\/div>\n\t\t\t\t<div class=\"elementor-element elementor-element-d90fabc elementor-align-center elementor-widget elementor-widget-button\" data-id=\"d90fabc\" data-element_type=\"widget\" data-widget_type=\"button.default\">\n\t\t\t\t<div class=\"elementor-widget-container\">\n\t\t\t\t\t\t\t\t\t<div class=\"elementor-button-wrapper\">\n\t\t\t\t\t<a class=\"elementor-button elementor-button-link elementor-size-sm\" href=\"https:\/\/booking.ericsoft.com\/it\/BookingEngine\/Book?idh=04186F3DAD798CE1&#038;%2Flang=it&#038;\">\n\t\t\t\t\t\t<span class=\"elementor-button-content-wrapper\">\n\t\t\t\t\t\t\t\t\t<span class=\"elementor-button-text\">Contacta con nosotros<\/span>\n\t\t\t\t\t<\/span>\n\t\t\t\t\t<\/a>\n\t\t\t\t<\/div>\n\t\t\t\t\t\t\t\t<\/div>\n\t\t\t\t<\/div>\n\t\t\t\t\t<\/div>\n\t\t\t\t<\/div>\n\t\t\t\t<\/div>","protected":false},"excerpt":{"rendered":"<p>strozzi palAce hotel\u2019s HISTORY Stepping into Strozzi Palace Hotel means immersing yourself in the history of this elegant building, a [&hellip;]<\/p>","protected":false},"author":1,"featured_media":0,"parent":0,"menu_order":0,"comment_status":"closed","ping_status":"closed","template":"elementor_header_footer","meta":{"site-sidebar-layout":"no-sidebar","site-content-layout":"","ast-site-content-layout":"full-width-container","site-content-style":"default","site-sidebar-style":"default","ast-global-header-display":"","ast-banner-title-visibility":"","ast-main-header-display":"","ast-hfb-above-header-display":"","ast-hfb-below-header-display":"","ast-hfb-mobile-header-display":"","site-post-title":"disabled","ast-breadcrumbs-content":"","ast-featured-img":"disabled","footer-sml-layout":"","theme-transparent-header-meta":"","adv-header-id-meta":"","stick-header-meta":"","header-above-stick-meta":"","header-main-stick-meta":"","header-below-stick-meta":"","astra-migrate-meta-layouts":"default","ast-page-background-enabled":"default","ast-page-background-meta":{"desktop":{"background-color":"var(--ast-global-color-5)","background-image":"","background-repeat":"repeat","background-position":"center center","background-size":"auto","background-attachment":"scroll","background-type":"","background-media":"","overlay-type":"","overlay-color":"","overlay-opacity":"","overlay-gradient":""},"tablet":{"background-color":"","background-image":"","background-repeat":"repeat","background-position":"center center","background-size":"auto","background-attachment":"scroll","background-type":"","background-media":"","overlay-type":"","overlay-color":"","overlay-opacity":"","overlay-gradient":""},"mobile":{"background-color":"","background-image":"","background-repeat":"repeat","background-position":"center center","background-size":"auto","background-attachment":"scroll","background-type":"","background-media":"","overlay-type":"","overlay-color":"","overlay-opacity":"","overlay-gradient":""}},"ast-content-background-meta":{"desktop":{"background-color":"var(--ast-global-color-4)","background-image":"","background-repeat":"repeat","background-position":"center center","background-size":"auto","background-attachment":"scroll","background-type":"","background-media":"","overlay-type":"","overlay-color":"","overlay-opacity":"","overlay-gradient":""},"tablet":{"background-color":"var(--ast-global-color-4)","background-image":"","background-repeat":"repeat","background-position":"center center","background-size":"auto","background-attachment":"scroll","background-type":"","background-media":"","overlay-type":"","overlay-color":"","overlay-opacity":"","overlay-gradient":""},"mobile":{"background-color":"var(--ast-global-color-4)","background-image":"","background-repeat":"repeat","background-position":"center center","background-size":"auto","background-attachment":"scroll","background-type":"","background-media":"","overlay-type":"","overlay-color":"","overlay-opacity":"","overlay-gradient":""}},"footnotes":""},"class_list":["post-247","page","type-page","status-publish","hentry"],"yoast_head":"<!-- This site is optimized with the Yoast SEO plugin v25.1 - https:\/\/yoast.com\/wordpress\/plugins\/seo\/ -->\n<title>History&#8211; Strozzi Palace Hotel<\/title>\n<meta name=\"description\" content=\"strozzi palAce hotel\u2019s HISTORY Stepping into Strozzi Palace Hotel means immersing yourself in the history of this elegant building, a welcoming retreat\" \/>\n<meta name=\"robots\" content=\"index, follow, max-snippet:-1, max-image-preview:large, max-video-preview:-1\" \/>\n<link rel=\"canonical\" href=\"https:\/\/strozzipalacehotel.com\/es\/history\/\" \/>\n<meta property=\"og:locale\" content=\"es_ES\" \/>\n<meta property=\"og:type\" content=\"article\" \/>\n<meta property=\"og:title\" content=\"History&#8211; Strozzi Palace Hotel\" \/>\n<meta property=\"og:description\" content=\"strozzi palAce hotel\u2019s HISTORY Stepping into Strozzi Palace Hotel means immersing yourself in the history of this elegant building, a welcoming retreat\" \/>\n<meta property=\"og:url\" content=\"https:\/\/strozzipalacehotel.com\/es\/history\/\" \/>\n<meta property=\"og:site_name\" content=\"Strozzi Palace Hotel\" \/>\n<meta property=\"article:modified_time\" content=\"2025-05-27T13:47:10+00:00\" \/>\n<meta property=\"og:image\" content=\"https:\/\/strozzipalacehotel.com\/wp-content\/uploads\/2025\/04\/Strozzi-Palace-Hotel_08.png\" \/>\n\t<meta property=\"og:image:width\" content=\"614\" \/>\n\t<meta property=\"og:image:height\" content=\"446\" \/>\n\t<meta property=\"og:image:type\" content=\"image\/png\" \/>\n<meta name=\"twitter:card\" content=\"summary_large_image\" \/>\n<meta name=\"twitter:label1\" content=\"Tiempo de lectura\" \/>\n\t<meta name=\"twitter:data1\" content=\"2 minutos\" \/>\n<script type=\"application\/ld+json\" class=\"yoast-schema-graph\">{\"@context\":\"https:\/\/schema.org\",\"@graph\":[{\"@type\":\"WebPage\",\"@id\":\"https:\/\/strozzipalacehotel.com\/history\/\",\"url\":\"https:\/\/strozzipalacehotel.com\/history\/\",\"name\":\"History&#8211; Strozzi Palace Hotel\",\"isPartOf\":{\"@id\":\"https:\/\/strozzipalacehotel.com\/#website\"},\"primaryImageOfPage\":{\"@id\":\"https:\/\/strozzipalacehotel.com\/history\/#primaryimage\"},\"image\":{\"@id\":\"https:\/\/strozzipalacehotel.com\/history\/#primaryimage\"},\"thumbnailUrl\":\"https:\/\/strozzipalacehotel.com\/wp-content\/uploads\/2025\/04\/Strozzi-Palace-Hotel_08.png\",\"datePublished\":\"2025-03-29T20:05:11+00:00\",\"dateModified\":\"2025-05-27T13:47:10+00:00\",\"description\":\"strozzi palAce hotel\u2019s HISTORY Stepping into Strozzi Palace Hotel means immersing yourself in the history of this elegant building, a welcoming retreat\",\"breadcrumb\":{\"@id\":\"https:\/\/strozzipalacehotel.com\/history\/#breadcrumb\"},\"inLanguage\":\"es\",\"potentialAction\":[{\"@type\":\"ReadAction\",\"target\":[\"https:\/\/strozzipalacehotel.com\/history\/\"]}]},{\"@type\":\"ImageObject\",\"inLanguage\":\"es\",\"@id\":\"https:\/\/strozzipalacehotel.com\/history\/#primaryimage\",\"url\":\"https:\/\/strozzipalacehotel.com\/wp-content\/uploads\/2025\/04\/Strozzi-Palace-Hotel_08.png\",\"contentUrl\":\"https:\/\/strozzipalacehotel.com\/wp-content\/uploads\/2025\/04\/Strozzi-Palace-Hotel_08.png\"},{\"@type\":\"BreadcrumbList\",\"@id\":\"https:\/\/strozzipalacehotel.com\/history\/#breadcrumb\",\"itemListElement\":[{\"@type\":\"ListItem\",\"position\":1,\"name\":\"Home\",\"item\":\"https:\/\/strozzipalacehotel.com\/\"},{\"@type\":\"ListItem\",\"position\":2,\"name\":\"History\"}]},{\"@type\":\"WebSite\",\"@id\":\"https:\/\/strozzipalacehotel.com\/#website\",\"url\":\"https:\/\/strozzipalacehotel.com\/\",\"name\":\"Strozzi Palace Hotel\",\"description\":\"3 Stars Hotel\",\"publisher\":{\"@id\":\"https:\/\/strozzipalacehotel.com\/#organization\"},\"potentialAction\":[{\"@type\":\"SearchAction\",\"target\":{\"@type\":\"EntryPoint\",\"urlTemplate\":\"https:\/\/strozzipalacehotel.com\/?s={search_term_string}\"},\"query-input\":{\"@type\":\"PropertyValueSpecification\",\"valueRequired\":true,\"valueName\":\"search_term_string\"}}],\"inLanguage\":\"es\"},{\"@type\":\"Organization\",\"@id\":\"https:\/\/strozzipalacehotel.com\/#organization\",\"name\":\"Strozzi Palace Hotel\",\"url\":\"https:\/\/strozzipalacehotel.com\/\",\"logo\":{\"@type\":\"ImageObject\",\"inLanguage\":\"es\",\"@id\":\"https:\/\/strozzipalacehotel.com\/#\/schema\/logo\/image\/\",\"url\":\"https:\/\/strozzipalacehotel.com\/wp-content\/uploads\/2025\/03\/Group-30.svg\",\"contentUrl\":\"https:\/\/strozzipalacehotel.com\/wp-content\/uploads\/2025\/03\/Group-30.svg\",\"width\":159,\"height\":72,\"caption\":\"Strozzi Palace Hotel\"},\"image\":{\"@id\":\"https:\/\/strozzipalacehotel.com\/#\/schema\/logo\/image\/\"}}]}<\/script>\n<!-- \/ Yoast SEO plugin. -->","yoast_head_json":{"title":"History&#8211; Strozzi Palace Hotel","description":"strozzi palAce hotel\u2019s HISTORY Stepping into Strozzi Palace Hotel means immersing yourself in the history of this elegant building, a welcoming retreat","robots":{"index":"index","follow":"follow","max-snippet":"max-snippet:-1","max-image-preview":"max-image-preview:large","max-video-preview":"max-video-preview:-1"},"canonical":"https:\/\/strozzipalacehotel.com\/es\/history\/","og_locale":"es_ES","og_type":"article","og_title":"History&#8211; Strozzi Palace Hotel","og_description":"strozzi palAce hotel\u2019s HISTORY Stepping into Strozzi Palace Hotel means immersing yourself in the history of this elegant building, a welcoming retreat","og_url":"https:\/\/strozzipalacehotel.com\/es\/history\/","og_site_name":"Strozzi Palace Hotel","article_modified_time":"2025-05-27T13:47:10+00:00","og_image":[{"width":614,"height":446,"url":"https:\/\/strozzipalacehotel.com\/wp-content\/uploads\/2025\/04\/Strozzi-Palace-Hotel_08.png","type":"image\/png"}],"twitter_card":"summary_large_image","twitter_misc":{"Tiempo de lectura":"2 minutos"},"schema":{"@context":"https:\/\/schema.org","@graph":[{"@type":"WebPage","@id":"https:\/\/strozzipalacehotel.com\/history\/","url":"https:\/\/strozzipalacehotel.com\/history\/","name":"History&#8211; Strozzi Palace Hotel","isPartOf":{"@id":"https:\/\/strozzipalacehotel.com\/#website"},"primaryImageOfPage":{"@id":"https:\/\/strozzipalacehotel.com\/history\/#primaryimage"},"image":{"@id":"https:\/\/strozzipalacehotel.com\/history\/#primaryimage"},"thumbnailUrl":"https:\/\/strozzipalacehotel.com\/wp-content\/uploads\/2025\/04\/Strozzi-Palace-Hotel_08.png","datePublished":"2025-03-29T20:05:11+00:00","dateModified":"2025-05-27T13:47:10+00:00","description":"strozzi palAce hotel\u2019s HISTORY Stepping into Strozzi Palace Hotel means immersing yourself in the history of this elegant building, a welcoming retreat","breadcrumb":{"@id":"https:\/\/strozzipalacehotel.com\/history\/#breadcrumb"},"inLanguage":"es","potentialAction":[{"@type":"ReadAction","target":["https:\/\/strozzipalacehotel.com\/history\/"]}]},{"@type":"ImageObject","inLanguage":"es","@id":"https:\/\/strozzipalacehotel.com\/history\/#primaryimage","url":"https:\/\/strozzipalacehotel.com\/wp-content\/uploads\/2025\/04\/Strozzi-Palace-Hotel_08.png","contentUrl":"https:\/\/strozzipalacehotel.com\/wp-content\/uploads\/2025\/04\/Strozzi-Palace-Hotel_08.png"},{"@type":"BreadcrumbList","@id":"https:\/\/strozzipalacehotel.com\/history\/#breadcrumb","itemListElement":[{"@type":"ListItem","position":1,"name":"Home","item":"https:\/\/strozzipalacehotel.com\/"},{"@type":"ListItem","position":2,"name":"History"}]},{"@type":"WebSite","@id":"https:\/\/strozzipalacehotel.com\/#website","url":"https:\/\/strozzipalacehotel.com\/","name":"Strozzi Palace Hotel","description":"3 Stars Hotel","publisher":{"@id":"https:\/\/strozzipalacehotel.com\/#organization"},"potentialAction":[{"@type":"SearchAction","target":{"@type":"EntryPoint","urlTemplate":"https:\/\/strozzipalacehotel.com\/?s={search_term_string}"},"query-input":{"@type":"PropertyValueSpecification","valueRequired":true,"valueName":"search_term_string"}}],"inLanguage":"es"},{"@type":"Organization","@id":"https:\/\/strozzipalacehotel.com\/#organization","name":"Strozzi Palace Hotel","url":"https:\/\/strozzipalacehotel.com\/","logo":{"@type":"ImageObject","inLanguage":"es","@id":"https:\/\/strozzipalacehotel.com\/#\/schema\/logo\/image\/","url":"https:\/\/strozzipalacehotel.com\/wp-content\/uploads\/2025\/03\/Group-30.svg","contentUrl":"https:\/\/strozzipalacehotel.com\/wp-content\/uploads\/2025\/03\/Group-30.svg","width":159,"height":72,"caption":"Strozzi Palace Hotel"},"image":{"@id":"https:\/\/strozzipalacehotel.com\/#\/schema\/logo\/image\/"}}]}},"_links":{"self":[{"href":"https:\/\/strozzipalacehotel.com\/es\/wp-json\/wp\/v2\/pages\/247","targetHints":{"allow":["GET"]}}],"collection":[{"href":"https:\/\/strozzipalacehotel.com\/es\/wp-json\/wp\/v2\/pages"}],"about":[{"href":"https:\/\/strozzipalacehotel.com\/es\/wp-json\/wp\/v2\/types\/page"}],"author":[{"embeddable":true,"href":"https:\/\/strozzipalacehotel.com\/es\/wp-json\/wp\/v2\/users\/1"}],"replies":[{"embeddable":true,"href":"https:\/\/strozzipalacehotel.com\/es\/wp-json\/wp\/v2\/comments?post=247"}],"version-history":[{"count":63,"href":"https:\/\/strozzipalacehotel.com\/es\/wp-json\/wp\/v2\/pages\/247\/revisions"}],"predecessor-version":[{"id":1258,"href":"https:\/\/strozzipalacehotel.com\/es\/wp-json\/wp\/v2\/pages\/247\/revisions\/1258"}],"wp:attachment":[{"href":"https:\/\/strozzipalacehotel.com\/es\/wp-json\/wp\/v2\/media?parent=247"}],"curies":[{"name":"wp","href":"https:\/\/api.w.org\/{rel}","templated":true}]}}